{"id":8,"date":"2025-02-23T11:55:04","date_gmt":"2025-02-23T11:55:04","guid":{"rendered":"https:\/\/familienschule.ch\/?page_id=8"},"modified":"2025-09-01T18:43:42","modified_gmt":"2025-09-01T18:43:42","slug":"die-idee","status":"publish","type":"page","link":"https:\/\/familienschule.ch\/?page_id=8","title":{"rendered":"Die Idee"},"content":{"rendered":"\n<p>Wenn der Schulalltag f\u00fcr ein Kind zum Problem wird,<br>zeigt es meist auff\u00e4lliges Verhalten wie Aggressivit\u00e4t,<br>Widerstand, R\u00fcckzug oder erh\u00f6hte Sensibilit\u00e4t.<\/p>\n\n\n\n<p>Die Familienschule bietet den Kindern Raum und Zeit,<br>zur Ruhe zu kommen und wieder Selbstvertrauen<br>aufzubauen.<\/p>\n\n\n\n<p>An vier Vormittagen arbeiten die Eltern mit.<\/p>\n\n\n\n<p><strong><mark style=\"background-color:rgba(0, 0, 0, 0)\" class=\"has-inline-color has-header-gradient-color\">Die Unterst\u00fctzung der Eltern und der Familie ist<br>besonders wichtig. Dies hilft den Kindern in heraus-<br>fordernden Situationen dabei, in einem gesch\u00fctzten<br>Rahmen neue Verhaltensweisen zu erproben und<br>neue F\u00e4higkeiten zu erlernen.<\/mark><\/strong><\/p>\n\n\n\n<p>Die Familienschule arbeitet nach den Grunds\u00e4tzen der<br>Multifamilienarbeit, welche die Vielfalt einer Gruppe<br>als Chance nutzt. Die Familien k\u00f6nnen neue Strategien<br>entwickeln und sich gegenseitig unterst\u00fctzen.<\/p>\n\n\n\n<p>In der Familienschule lernen die Kinder, mit ihren<br>Gef\u00fchlen und Impulsen umzugehen. Eltern und<br>Familienschule f\u00f6rdern die Kinder gemeinsam in ihrer<br>Entwicklung, um sie im schulischen Alltag zu st\u00e4rken.<\/p>\n\n\n\n<p><\/p>\n\n\n\n<figure class=\"wp-block-image size-large\"><img loading=\"lazy\" decoding=\"async\" width=\"405\" height=\"1024\" src=\"https:\/\/familienschule.ch\/wp-content\/uploads\/2025\/09\/Leuchtturm-405x1024.png\" alt=\"\" class=\"wp-image-229\" srcset=\"https:\/\/familienschule.ch\/wp-content\/uploads\/2025\/09\/Leuchtturm-405x1024.png 405w, https:\/\/familienschule.ch\/wp-content\/uploads\/2025\/09\/Leuchtturm-119x300.png 119w, https:\/\/familienschule.ch\/wp-content\/uploads\/2025\/09\/Leuchtturm.png 430w\" sizes=\"auto, (max-width: 405px) 100vw, 405px\" \/><\/figure>\n","protected":false},"excerpt":{"rendered":"<p>Wenn der Schulalltag f\u00fcr ein Kind zum Problem wird,zeigt es meist auff\u00e4lliges Verhalten wie Aggressivit\u00e4t,Widerstand, R\u00fcckzug oder erh\u00f6hte Sensibilit\u00e4t. Die Familienschule bietet den Kindern Raum und Zeit,zur Ruhe zu kommen und wieder Selbstvertrauenaufzubauen. An vier Vormittagen arbeiten die Eltern mit. Die Unterst\u00fctzung der Eltern und der Familie istbesonders wichtig. Dies [&hellip;]<\/p>\n","protected":false},"author":1,"featured_media":0,"parent":0,"menu_order":0,"comment_status":"closed","ping_status":"closed","template":"","meta":{"footnotes":""},"class_list":["post-8","page","type-page","status-publish","hentry"],"_links":{"self":[{"href":"https:\/\/familienschule.ch\/index.php?rest_route=\/wp\/v2\/pages\/8","targetHints":{"allow":["GET"]}}],"collection":[{"href":"https:\/\/familienschule.ch\/index.php?rest_route=\/wp\/v2\/pages"}],"about":[{"href":"https:\/\/familienschule.ch\/index.php?rest_route=\/wp\/v2\/types\/page"}],"author":[{"embeddable":true,"href":"https:\/\/familienschule.ch\/index.php?rest_route=\/wp\/v2\/users\/1"}],"replies":[{"embeddable":true,"href":"https:\/\/familienschule.ch\/index.php?rest_route=%2Fwp%2Fv2%2Fcomments&post=8"}],"version-history":[{"count":9,"href":"https:\/\/familienschule.ch\/index.php?rest_route=\/wp\/v2\/pages\/8\/revisions"}],"predecessor-version":[{"id":231,"href":"https:\/\/familienschule.ch\/index.php?rest_route=\/wp\/v2\/pages\/8\/revisions\/231"}],"wp:attachment":[{"href":"https:\/\/familienschule.ch\/index.php?rest_route=%2Fwp%2Fv2%2Fmedia&parent=8"}],"curies":[{"name":"wp","href":"https:\/\/api.w.org\/{rel}","templated":true}]}}