{"id":22,"date":"2025-02-23T11:57:36","date_gmt":"2025-02-23T11:57:36","guid":{"rendered":"https:\/\/familienschule.ch\/?page_id=22"},"modified":"2025-09-01T19:03:05","modified_gmt":"2025-09-01T19:03:05","slug":"links","status":"publish","type":"page","link":"https:\/\/familienschule.ch\/?page_id=22","title":{"rendered":"Links"},"content":{"rendered":"\n<p><a href=\"https:\/\/www.multifamilienarbeit.ch\/\" target=\"_blank\" rel=\"noreferrer noopener\">Dachverband Multifamilienarbeit Schweiz<\/a><\/p>\n\n\n\n<p><a href=\"https:\/\/www.hfh.ch\/\" target=\"_blank\" rel=\"noreferrer noopener\">Hochschule f\u00fcr Heilp\u00e4dagogik (HfH)<\/a><\/p>\n\n\n\n<p><a href=\"https:\/\/phzh.ch\/de\/\" target=\"_blank\" rel=\"noreferrer noopener\">P\u00e4dagogische Hochschule Z\u00fcrich (PHZH)<\/a><\/p>\n\n\n\n<p><a href=\"https:\/\/www.stadt-zuerich.ch\/de\/politik-und-verwaltung\/behoerden-und-organe\/schulpflege-und-kreisschulbehoerden\/limmattal.html\">Kreisschulbeh\u00f6rde Limmattal<\/a><\/p>\n\n\n\n<p><a href=\"https:\/\/familienklasse.ch\/\">Familienklasse Limmattal<\/a><\/p>\n\n\n\n<p><\/p>\n","protected":false},"excerpt":{"rendered":"<p>Dachverband Multifamilienarbeit Schweiz Hochschule f\u00fcr Heilp\u00e4dagogik (HfH) P\u00e4dagogische Hochschule Z\u00fcrich (PHZH) Kreisschulbeh\u00f6rde Limmattal Familienklasse Limmattal<\/p>\n","protected":false},"author":1,"featured_media":0,"parent":0,"menu_order":0,"comment_status":"closed","ping_status":"closed","template":"","meta":{"footnotes":""},"class_list":["post-22","page","type-page","status-publish","hentry"],"_links":{"self":[{"href":"https:\/\/familienschule.ch\/index.php?rest_route=\/wp\/v2\/pages\/22","targetHints":{"allow":["GET"]}}],"collection":[{"href":"https:\/\/familienschule.ch\/index.php?rest_route=\/wp\/v2\/pages"}],"about":[{"href":"https:\/\/familienschule.ch\/index.php?rest_route=\/wp\/v2\/types\/page"}],"author":[{"embeddable":true,"href":"https:\/\/familienschule.ch\/index.php?rest_route=\/wp\/v2\/users\/1"}],"replies":[{"embeddable":true,"href":"https:\/\/familienschule.ch\/index.php?rest_route=%2Fwp%2Fv2%2Fcomments&post=22"}],"version-history":[{"count":3,"href":"https:\/\/familienschule.ch\/index.php?rest_route=\/wp\/v2\/pages\/22\/revisions"}],"predecessor-version":[{"id":247,"href":"https:\/\/familienschule.ch\/index.php?rest_route=\/wp\/v2\/pages\/22\/revisions\/247"}],"wp:attachment":[{"href":"https:\/\/familienschule.ch\/index.php?rest_route=%2Fwp%2Fv2%2Fmedia&parent=22"}],"curies":[{"name":"wp","href":"https:\/\/api.w.org\/{rel}","templated":true}]}}