{"id":18,"date":"2025-02-23T11:57:16","date_gmt":"2025-02-23T11:57:16","guid":{"rendered":"https:\/\/familienschule.ch\/?page_id=18"},"modified":"2025-09-01T18:55:33","modified_gmt":"2025-09-01T18:55:33","slug":"das-team","status":"publish","type":"page","link":"https:\/\/familienschule.ch\/?page_id=18","title":{"rendered":"Team (SJ 25\/26)"},"content":{"rendered":"\n<h2 class=\"wp-block-heading\">Leitung<\/h2>\n\n\n\n<p>Elisa Ruoff<br>Multifamilientherapeutin DGSF<br>MAS ZHAW Systemische Beratung, Schulleiterin, Lehrerin<\/p>\n\n\n\n<p>Eva Schilling<br>Multifamilientherapeutin DGSF<br>MAS BFH Systemische Beratung, Schulleiterin, Lehrerin<\/p>\n\n\n\n<h2 class=\"wp-block-heading\">Team<\/h2>\n\n\n\n<p>Franziska Gysi<br>Multifamiliencoach SINA<br>Psychologin, Lehrerin<\/p>\n\n\n\n<p>Creszentia Heini<br>Multifamiliencoach ISI<br>Schulsozialarbeiterin<br><br>Bettina Kuhn<br>Multifamiliencoach ISI<br>Schulische Heilp\u00e4dagogin<\/p>\n\n\n\n<p>Christina Vieli<br>Multifamiliencoach SINA<br>Lehrerin f\u00fcr Begabten- und Begabungsf\u00f6rderung<\/p>\n\n\n\n<div style=\"height:100px\" aria-hidden=\"true\" class=\"wp-block-spacer\"><\/div>\n\n\n\n<p>Die Familienschule ist ein Projekt des<strong> Schulkreises Z\u00fcrich Limmattal<\/strong>.<\/p>\n\n\n\n<p>Das Projekt wird wissenschaftlich durch die Professur f\u00fcr Erziehung und Bildung der HfH Z\u00fcrich und das Forschungszentrum Kindheiten in Schule und Gesellschaft der PHZH begleitet.<\/p>\n\n\n\n<div class=\"wp-block-columns is-layout-flex wp-container-core-columns-is-layout-28f84493 wp-block-columns-is-layout-flex\">\n<div class=\"wp-block-column is-layout-flow wp-block-column-is-layout-flow\">\n<figure class=\"wp-block-image size-full\"><img loading=\"lazy\" decoding=\"async\" width=\"81\" height=\"61\" src=\"https:\/\/familienschule.ch\/wp-content\/uploads\/2025\/02\/hfh.png\" alt=\"\" class=\"wp-image-218\"\/><\/figure>\n<\/div>\n\n\n\n<div class=\"wp-block-column is-layout-flow wp-block-column-is-layout-flow\">\n<figure class=\"wp-block-image size-full\"><img loading=\"lazy\" decoding=\"async\" width=\"191\" height=\"85\" src=\"https:\/\/familienschule.ch\/wp-content\/uploads\/2025\/02\/phzh.png\" alt=\"\" class=\"wp-image-219\"\/><\/figure>\n<\/div>\n<\/div>\n\n\n\n<p><\/p>\n","protected":false},"excerpt":{"rendered":"<p>Leitung Elisa RuoffMultifamilientherapeutin DGSFMAS ZHAW Systemische Beratung, Schulleiterin, Lehrerin Eva SchillingMultifamilientherapeutin DGSFMAS BFH Systemische Beratung, Schulleiterin, Lehrerin Team Franziska GysiMultifamiliencoach SINAPsychologin, Lehrerin Creszentia HeiniMultifamiliencoach ISISchulsozialarbeiterin Bettina KuhnMultifamiliencoach ISISchulische Heilp\u00e4dagogin Christina VieliMultifamiliencoach SINALehrerin f\u00fcr Begabten- und Begabungsf\u00f6rderung Die Familienschule ist ein Projekt des Schulkreises Z\u00fcrich Limmattal. Das Projekt wird wissenschaftlich durch [&hellip;]<\/p>\n","protected":false},"author":1,"featured_media":0,"parent":0,"menu_order":0,"comment_status":"closed","ping_status":"closed","template":"","meta":{"footnotes":""},"class_list":["post-18","page","type-page","status-publish","hentry"],"_links":{"self":[{"href":"https:\/\/familienschule.ch\/index.php?rest_route=\/wp\/v2\/pages\/18","targetHints":{"allow":["GET"]}}],"collection":[{"href":"https:\/\/familienschule.ch\/index.php?rest_route=\/wp\/v2\/pages"}],"about":[{"href":"https:\/\/familienschule.ch\/index.php?rest_route=\/wp\/v2\/types\/page"}],"author":[{"embeddable":true,"href":"https:\/\/familienschule.ch\/index.php?rest_route=\/wp\/v2\/users\/1"}],"replies":[{"embeddable":true,"href":"https:\/\/familienschule.ch\/index.php?rest_route=%2Fwp%2Fv2%2Fcomments&post=18"}],"version-history":[{"count":10,"href":"https:\/\/familienschule.ch\/index.php?rest_route=\/wp\/v2\/pages\/18\/revisions"}],"predecessor-version":[{"id":242,"href":"https:\/\/familienschule.ch\/index.php?rest_route=\/wp\/v2\/pages\/18\/revisions\/242"}],"wp:attachment":[{"href":"https:\/\/familienschule.ch\/index.php?rest_route=%2Fwp%2Fv2%2Fmedia&parent=18"}],"curies":[{"name":"wp","href":"https:\/\/api.w.org\/{rel}","templated":true}]}}