{"id":14,"date":"2025-02-23T11:56:20","date_gmt":"2025-02-23T11:56:20","guid":{"rendered":"https:\/\/familienschule.ch\/?page_id=14"},"modified":"2025-09-01T18:54:24","modified_gmt":"2025-09-01T18:54:24","slug":"weshalb-familienschule","status":"publish","type":"page","link":"https:\/\/familienschule.ch\/?page_id=14","title":{"rendered":"Weshalb Familienschule"},"content":{"rendered":"\n<p>Die Familienschule bietet Familien die M\u00f6glichkeit, \u2026<br>\u2013 andere Familien kennenzulernen, die in einer \u00e4hnlichen Situation sind<br>\u2013 sich \u00fcber schulische Fragen, Probleme und Erziehungsthemen auszutauschen und sich gegenseitig zu unterst\u00fctzen<br>\u2013 neue Sichtweisen zu entdecken und gemeinsam Ideen auszuprobieren, um miteinander Erfolge zu erleben<\/p>\n\n\n\n<p><strong><mark style=\"background-color:rgba(0, 0, 0, 0)\" class=\"has-inline-color has-accent-color\">Die Familienschule er\u00f6ffnet neue Perspektiven f\u00fcr die schulische Bildung und f\u00fcr das Familienleben.<\/mark><\/strong><\/p>\n\n\n\n<figure class=\"wp-block-image size-large\"><img loading=\"lazy\" decoding=\"async\" width=\"1024\" height=\"392\" src=\"https:\/\/familienschule.ch\/wp-content\/uploads\/2025\/09\/Schloessli-1024x392.png\" alt=\"\" class=\"wp-image-240\" srcset=\"https:\/\/familienschule.ch\/wp-content\/uploads\/2025\/09\/Schloessli-1024x392.png 1024w, https:\/\/familienschule.ch\/wp-content\/uploads\/2025\/09\/Schloessli-300x115.png 300w, https:\/\/familienschule.ch\/wp-content\/uploads\/2025\/09\/Schloessli-768x294.png 768w, https:\/\/familienschule.ch\/wp-content\/uploads\/2025\/09\/Schloessli.png 1333w\" sizes=\"auto, (max-width: 1024px) 100vw, 1024px\" \/><\/figure>\n\n\n\n<h2 class=\"wp-block-heading\">Interesse?<\/h2>\n\n\n\n<p>Eltern und Lehrpersonen k\u00f6nnen sich bei Interesse an die Schulleitung oder die Kreisschulbeh\u00f6rde Limmattal wenden.<\/p>\n\n\n\n<p>Sie k\u00f6nnen auch direkt mit der Familienschule Limmattal <a href=\"https:\/\/familienschule.ch\/?page_id=20\" data-type=\"page\" data-id=\"20\">Kontakt <\/a>aufnehmen und sich informieren.<\/p>\n\n\n\n<p><\/p>\n","protected":false},"excerpt":{"rendered":"<p>Die Familienschule bietet Familien die M\u00f6glichkeit, \u2026\u2013 andere Familien kennenzulernen, die in einer \u00e4hnlichen Situation sind\u2013 sich \u00fcber schulische Fragen, Probleme und Erziehungsthemen auszutauschen und sich gegenseitig zu unterst\u00fctzen\u2013 neue Sichtweisen zu entdecken und gemeinsam Ideen auszuprobieren, um miteinander Erfolge zu erleben Die Familienschule er\u00f6ffnet neue Perspektiven f\u00fcr die schulische [&hellip;]<\/p>\n","protected":false},"author":1,"featured_media":0,"parent":0,"menu_order":0,"comment_status":"closed","ping_status":"closed","template":"","meta":{"footnotes":""},"class_list":["post-14","page","type-page","status-publish","hentry"],"_links":{"self":[{"href":"https:\/\/familienschule.ch\/index.php?rest_route=\/wp\/v2\/pages\/14","targetHints":{"allow":["GET"]}}],"collection":[{"href":"https:\/\/familienschule.ch\/index.php?rest_route=\/wp\/v2\/pages"}],"about":[{"href":"https:\/\/familienschule.ch\/index.php?rest_route=\/wp\/v2\/types\/page"}],"author":[{"embeddable":true,"href":"https:\/\/familienschule.ch\/index.php?rest_route=\/wp\/v2\/users\/1"}],"replies":[{"embeddable":true,"href":"https:\/\/familienschule.ch\/index.php?rest_route=%2Fwp%2Fv2%2Fcomments&post=14"}],"version-history":[{"count":8,"href":"https:\/\/familienschule.ch\/index.php?rest_route=\/wp\/v2\/pages\/14\/revisions"}],"predecessor-version":[{"id":241,"href":"https:\/\/familienschule.ch\/index.php?rest_route=\/wp\/v2\/pages\/14\/revisions\/241"}],"wp:attachment":[{"href":"https:\/\/familienschule.ch\/index.php?rest_route=%2Fwp%2Fv2%2Fmedia&parent=14"}],"curies":[{"name":"wp","href":"https:\/\/api.w.org\/{rel}","templated":true}]}}