{"id":12,"date":"2025-02-23T11:55:55","date_gmt":"2025-02-23T11:55:55","guid":{"rendered":"https:\/\/familienschule.ch\/?page_id=12"},"modified":"2025-09-01T18:52:36","modified_gmt":"2025-09-01T18:52:36","slug":"die-ziele","status":"publish","type":"page","link":"https:\/\/familienschule.ch\/?page_id=12","title":{"rendered":"Die Ziele"},"content":{"rendered":"\n<p>F\u00fcr jeden Sch\u00fcler und jede Sch\u00fclerin werden zu Beginn individuelle <br>Ziele entwickelt. Diese Ziele basieren auf Informationen der Eltern, <br>der Lehrpersonen und des Kindes. Der individuelle Stand der <br>Entwicklung steht im Zentrum.<\/p>\n\n\n\n<p>Neben dem Unterricht findet f\u00fcr die Kinder soziales Lernen statt. <br>Sie trainieren hier die kommunikativen und sozialen F\u00e4higkeiten, <br>die wichtig sind, um in der Schule erfolgreich zu sein.<\/p>\n\n\n\n<p>Mit der Zeit besucht das Kind immer h\u00e4ufiger den Unterricht <br>in seiner Stammklasse, bis es wieder vollst\u00e4ndig integriert ist.<\/p>\n\n\n\n<p>Die Mitarbeit der Eltern ist wichtig, damit der Sch\u00fcler oder die <br>Sch\u00fclerin die gesetzten Ziele erreichen kann.<\/p>\n\n\n\n<p>In der Elternweiterbildung k\u00f6nnen Eltern ihre pers\u00f6nliche<br>Erziehungskompetenz reflektieren.<\/p>\n\n\n\n<figure class=\"wp-block-image size-large\"><img loading=\"lazy\" decoding=\"async\" width=\"1024\" height=\"692\" src=\"https:\/\/familienschule.ch\/wp-content\/uploads\/2025\/09\/BeiNacht-1024x692.png\" alt=\"\" class=\"wp-image-238\" srcset=\"https:\/\/familienschule.ch\/wp-content\/uploads\/2025\/09\/BeiNacht-1024x692.png 1024w, https:\/\/familienschule.ch\/wp-content\/uploads\/2025\/09\/BeiNacht-300x203.png 300w, https:\/\/familienschule.ch\/wp-content\/uploads\/2025\/09\/BeiNacht-768x519.png 768w, https:\/\/familienschule.ch\/wp-content\/uploads\/2025\/09\/BeiNacht.png 1044w\" sizes=\"auto, (max-width: 1024px) 100vw, 1024px\" \/><\/figure>\n\n\n\n<p><\/p>\n","protected":false},"excerpt":{"rendered":"<p>F\u00fcr jeden Sch\u00fcler und jede Sch\u00fclerin werden zu Beginn individuelle Ziele entwickelt. Diese Ziele basieren auf Informationen der Eltern, der Lehrpersonen und des Kindes. Der individuelle Stand der Entwicklung steht im Zentrum. Neben dem Unterricht findet f\u00fcr die Kinder soziales Lernen statt. Sie trainieren hier die kommunikativen und sozialen F\u00e4higkeiten, [&hellip;]<\/p>\n","protected":false},"author":1,"featured_media":0,"parent":0,"menu_order":0,"comment_status":"closed","ping_status":"closed","template":"","meta":{"footnotes":""},"class_list":["post-12","page","type-page","status-publish","hentry"],"_links":{"self":[{"href":"https:\/\/familienschule.ch\/index.php?rest_route=\/wp\/v2\/pages\/12","targetHints":{"allow":["GET"]}}],"collection":[{"href":"https:\/\/familienschule.ch\/index.php?rest_route=\/wp\/v2\/pages"}],"about":[{"href":"https:\/\/familienschule.ch\/index.php?rest_route=\/wp\/v2\/types\/page"}],"author":[{"embeddable":true,"href":"https:\/\/familienschule.ch\/index.php?rest_route=\/wp\/v2\/users\/1"}],"replies":[{"embeddable":true,"href":"https:\/\/familienschule.ch\/index.php?rest_route=%2Fwp%2Fv2%2Fcomments&post=12"}],"version-history":[{"count":4,"href":"https:\/\/familienschule.ch\/index.php?rest_route=\/wp\/v2\/pages\/12\/revisions"}],"predecessor-version":[{"id":239,"href":"https:\/\/familienschule.ch\/index.php?rest_route=\/wp\/v2\/pages\/12\/revisions\/239"}],"wp:attachment":[{"href":"https:\/\/familienschule.ch\/index.php?rest_route=%2Fwp%2Fv2%2Fmedia&parent=12"}],"curies":[{"name":"wp","href":"https:\/\/api.w.org\/{rel}","templated":true}]}}