{"id":10,"date":"2025-02-23T11:55:37","date_gmt":"2025-02-23T11:55:37","guid":{"rendered":"https:\/\/familienschule.ch\/?page_id=10"},"modified":"2025-09-01T18:50:15","modified_gmt":"2025-09-01T18:50:15","slug":"familienschule-konkret","status":"publish","type":"page","link":"https:\/\/familienschule.ch\/?page_id=10","title":{"rendered":"Familienschule konkret"},"content":{"rendered":"\n<p>An vier Tagen besuchen die Kinder die Familienschule. <br>Am Mittwoch sind sie in der Stammklasse.<\/p>\n\n\n\n<p>An den vier Vormittagen begleitet jeweils ein Elternteil oder <br>eine nahe Bezugsperson das Kind.<\/p>\n\n\n\n<p>Ein gemeinsames Mittagessen wird angeboten. <\/p>\n\n\n\n<p>An den Schulnachmittagen sind die Kinder allein in der Familienschule. <\/p>\n\n\n\n<p>Durch den Mittwochvormittag in der Stammklasse bleibt das <br>Kind in Kontakt mit den Lehrpersonen und seinem Freundeskreis und ist weiterhin Teil seiner Klasse.<\/p>\n\n\n\n<p>In der Familienschule Limmattal gibt es bis acht Pl\u00e4tze f\u00fcr Kinder <br>von der 1. bis zur 6. Klasse.<\/p>\n\n\n\n<p>Die Kinder bleiben mindestens 12 Wochen in der Familienschule. <br>In dieser Zeit werden sie mit Unterst\u00fctzung ihrer Eltern und der <br>Familienschule schrittweise wieder in ihre Klasse integriert.<\/p>\n\n\n\n<p>Die Klassenlehrerinnen und Klassenlehrer sind eng mit der <br>Familienschule verbunden, sodass die Kinder in den Hauptf\u00e4chern <br>keine wichtigen Inhalte verpassen und allenfalls L\u00fccken schliessen k\u00f6nnen.<\/p>\n\n\n\n<figure class=\"wp-block-image size-large\"><img loading=\"lazy\" decoding=\"async\" width=\"1024\" height=\"664\" src=\"https:\/\/familienschule.ch\/wp-content\/uploads\/2025\/09\/Stundenplan-1024x664.png\" alt=\"\" class=\"wp-image-234\" srcset=\"https:\/\/familienschule.ch\/wp-content\/uploads\/2025\/09\/Stundenplan-1024x664.png 1024w, https:\/\/familienschule.ch\/wp-content\/uploads\/2025\/09\/Stundenplan-300x195.png 300w, https:\/\/familienschule.ch\/wp-content\/uploads\/2025\/09\/Stundenplan-768x498.png 768w, https:\/\/familienschule.ch\/wp-content\/uploads\/2025\/09\/Stundenplan-1536x996.png 1536w, https:\/\/familienschule.ch\/wp-content\/uploads\/2025\/09\/Stundenplan.png 1833w\" sizes=\"auto, (max-width: 1024px) 100vw, 1024px\" \/><\/figure>\n\n\n\n<p><\/p>\n","protected":false},"excerpt":{"rendered":"<p>An vier Tagen besuchen die Kinder die Familienschule. Am Mittwoch sind sie in der Stammklasse. An den vier Vormittagen begleitet jeweils ein Elternteil oder eine nahe Bezugsperson das Kind. Ein gemeinsames Mittagessen wird angeboten. An den Schulnachmittagen sind die Kinder allein in der Familienschule. Durch den Mittwochvormittag in der Stammklasse [&hellip;]<\/p>\n","protected":false},"author":1,"featured_media":0,"parent":0,"menu_order":0,"comment_status":"closed","ping_status":"closed","template":"","meta":{"footnotes":""},"class_list":["post-10","page","type-page","status-publish","hentry"],"_links":{"self":[{"href":"https:\/\/familienschule.ch\/index.php?rest_route=\/wp\/v2\/pages\/10","targetHints":{"allow":["GET"]}}],"collection":[{"href":"https:\/\/familienschule.ch\/index.php?rest_route=\/wp\/v2\/pages"}],"about":[{"href":"https:\/\/familienschule.ch\/index.php?rest_route=\/wp\/v2\/types\/page"}],"author":[{"embeddable":true,"href":"https:\/\/familienschule.ch\/index.php?rest_route=\/wp\/v2\/users\/1"}],"replies":[{"embeddable":true,"href":"https:\/\/familienschule.ch\/index.php?rest_route=%2Fwp%2Fv2%2Fcomments&post=10"}],"version-history":[{"count":8,"href":"https:\/\/familienschule.ch\/index.php?rest_route=\/wp\/v2\/pages\/10\/revisions"}],"predecessor-version":[{"id":237,"href":"https:\/\/familienschule.ch\/index.php?rest_route=\/wp\/v2\/pages\/10\/revisions\/237"}],"wp:attachment":[{"href":"https:\/\/familienschule.ch\/index.php?rest_route=%2Fwp%2Fv2%2Fmedia&parent=10"}],"curies":[{"name":"wp","href":"https:\/\/api.w.org\/{rel}","templated":true}]}}